{"id":2727,"date":"2021-12-22T16:17:00","date_gmt":"2021-12-22T13:17:00","guid":{"rendered":"https:\/\/sobesoft.com.tr\/demo\/e5\/?post_type=product&#038;p=2727"},"modified":"2021-12-22T16:17:55","modified_gmt":"2021-12-22T13:17:55","slug":"demo-hamster-siginagi","status":"publish","type":"product","link":"https:\/\/sobesoft.com.tr\/demo\/e5\/urun\/demo-hamster-siginagi\/","title":{"rendered":"Demo | Hamster S\u0131\u011f\u0131na\u011f\u0131"},"content":{"rendered":"","protected":false},"excerpt":{"rendered":"<ul>\n<li>Do\u011fal Ah\u015fap<\/li>\n<li>Kemirilmez<\/li>\n<li>Uzun S\u00fcre Dayan\u0131kl\u0131<\/li>\n<li>Sa\u011flam<\/li>\n<\/ul>\n","protected":false},"featured_media":2728,"comment_status":"open","ping_status":"closed","template":"","meta":{"inline_featured_image":false},"product_cat":[142,144],"product_tag":[],"class_list":{"0":"post-2727","1":"product","2":"type-product","3":"status-publish","4":"has-post-thumbnail","6":"product_cat-hamster","7":"product_cat-hamster-oyuncaklari","9":"first","10":"instock","11":"sale","12":"taxable","13":"shipping-taxable","14":"purchasable","15":"product-type-simple"},"_links":{"self":[{"href":"https:\/\/sobesoft.com.tr\/demo\/e5\/wp-json\/wp\/v2\/product\/2727","targetHints":{"allow":["GET"]}}],"collection":[{"href":"https:\/\/sobesoft.com.tr\/demo\/e5\/wp-json\/wp\/v2\/product"}],"about":[{"href":"https:\/\/sobesoft.com.tr\/demo\/e5\/wp-json\/wp\/v2\/types\/product"}],"replies":[{"embeddable":true,"href":"https:\/\/sobesoft.com.tr\/demo\/e5\/wp-json\/wp\/v2\/comments?post=2727"}],"wp:featuredmedia":[{"embeddable":true,"href":"https:\/\/sobesoft.com.tr\/demo\/e5\/wp-json\/wp\/v2\/media\/2728"}],"wp:attachment":[{"href":"https:\/\/sobesoft.com.tr\/demo\/e5\/wp-json\/wp\/v2\/media?parent=2727"}],"wp:term":[{"taxonomy":"product_cat","embeddable":true,"href":"https:\/\/sobesoft.com.tr\/demo\/e5\/wp-json\/wp\/v2\/product_cat?post=2727"},{"taxonomy":"product_tag","embeddable":true,"href":"https:\/\/sobesoft.com.tr\/demo\/e5\/wp-json\/wp\/v2\/product_tag?post=2727"}],"curies":[{"name":"wp","href":"https:\/\/api.w.org\/{rel}","templated":true}]}}