{"id":2683,"date":"2021-12-21T12:07:37","date_gmt":"2021-12-21T09:07:37","guid":{"rendered":"https:\/\/sobesoft.com.tr\/demo\/e4\/?post_type=product&#038;p=2683"},"modified":"2021-12-21T12:07:59","modified_gmt":"2021-12-21T09:07:59","slug":"kiz-cocuk-kot-elbise","status":"publish","type":"product","link":"https:\/\/sobesoft.com.tr\/demo\/e4\/urun\/kiz-cocuk-kot-elbise\/","title":{"rendered":"K\u0131z \u00c7ocuk Kot Elbise"},"content":{"rendered":"","protected":false},"excerpt":{"rendered":"<ul>\n<li><span style=\"color: #333333\">\u0130nce kot kuma\u015f d\u00fc\u011fmeli k\u0131z \u00e7ocuk elbisesi<\/span><\/li>\n<li>A\u00e7\u0131k mavi<\/li>\n<li>2 par\u00e7adan olu\u015fmaktad\u0131r.<\/li>\n<\/ul>\n<p>&nbsp;<\/p>\n<p>&nbsp;<\/p>\n","protected":false},"featured_media":2713,"comment_status":"open","ping_status":"closed","template":"","meta":{"inline_featured_image":false},"product_cat":[126,125],"product_tag":[],"class_list":{"0":"post-2683","1":"product","2":"type-product","3":"status-publish","4":"has-post-thumbnail","6":"product_cat-elbise","7":"product_cat-kiz-cocuk","9":"first","10":"instock","11":"taxable","12":"shipping-taxable","13":"purchasable","14":"product-type-variable"},"_links":{"self":[{"href":"https:\/\/sobesoft.com.tr\/demo\/e4\/wp-json\/wp\/v2\/product\/2683","targetHints":{"allow":["GET"]}}],"collection":[{"href":"https:\/\/sobesoft.com.tr\/demo\/e4\/wp-json\/wp\/v2\/product"}],"about":[{"href":"https:\/\/sobesoft.com.tr\/demo\/e4\/wp-json\/wp\/v2\/types\/product"}],"replies":[{"embeddable":true,"href":"https:\/\/sobesoft.com.tr\/demo\/e4\/wp-json\/wp\/v2\/comments?post=2683"}],"wp:featuredmedia":[{"embeddable":true,"href":"https:\/\/sobesoft.com.tr\/demo\/e4\/wp-json\/wp\/v2\/media\/2713"}],"wp:attachment":[{"href":"https:\/\/sobesoft.com.tr\/demo\/e4\/wp-json\/wp\/v2\/media?parent=2683"}],"wp:term":[{"taxonomy":"product_cat","embeddable":true,"href":"https:\/\/sobesoft.com.tr\/demo\/e4\/wp-json\/wp\/v2\/product_cat?post=2683"},{"taxonomy":"product_tag","embeddable":true,"href":"https:\/\/sobesoft.com.tr\/demo\/e4\/wp-json\/wp\/v2\/product_tag?post=2683"}],"curies":[{"name":"wp","href":"https:\/\/api.w.org\/{rel}","templated":true}]}}