{"id":991,"date":"2021-12-16T15:02:50","date_gmt":"2021-12-16T12:02:50","guid":{"rendered":"https:\/\/sobesoft.com.tr\/demo\/e3\/?post_type=product&#038;p=991"},"modified":"2021-12-16T15:04:27","modified_gmt":"2021-12-16T12:04:27","slug":"demo-kahverengi-klasik-ayakkabi","status":"publish","type":"product","link":"https:\/\/sobesoft.com.tr\/demo\/e3\/urun\/demo-kahverengi-klasik-ayakkabi\/","title":{"rendered":"Demo Kahverengi Klasik Ayakkab\u0131"},"content":{"rendered":"<p><strong>Lorem Ipsum<\/strong>, dizgi ve bask\u0131 end\u00fcstrisinde kullan\u0131lan m\u0131g\u0131r metinlerdir. Lorem Ipsum, ad\u0131 bilinmeyen bir matbaac\u0131n\u0131n bir hurufat numune kitab\u0131 olu\u015fturmak \u00fczere bir yaz\u0131 galerisini alarak kar\u0131\u015ft\u0131rd\u0131\u011f\u0131 1500&#8217;lerden beri end\u00fcstri standard\u0131 sahte metinler olarak kullan\u0131lm\u0131\u015ft\u0131r.<\/p>\n<p>&nbsp;<\/p>\n<p class=\"pd-block\"><strong>\u00dcr\u00fcn \u00d6zellikleri<\/strong><\/p>\n<ul>\n<li>\u00dcr\u00fcn Ad\u0131 :\u00a0Casual Ayakkab\u0131<\/li>\n<li>Giyim Tarz\u0131 :G\u00fcnl\u00fck \/ Casual<\/li>\n<li>D\u0131\u015f Materyal :100% Deri<\/li>\n<li>\u0130\u00e7 Materyal :\u00a0100% Deri<\/li>\n<li>Taban Materyal :\u00a0100% Eva<\/li>\n<li>Desen :D\u00fcz Renk \/ Desensiz<\/li>\n<li>Topuk Tipi :\u00a0D\u00fcz<\/li>\n<li>Topuk Boyu :D\u00fcz<\/li>\n<li>Topuk Y\u00fcksekli\u011fi :2 cm.<\/li>\n<\/ul>\n","protected":false},"excerpt":{"rendered":"<p><strong>\u00dcr\u00fcn K\u0131sa \u00d6zellikleri<\/strong><\/p>\n<ul>\n<li>D\u0131\u015f Materyal :100% Deri<\/li>\n<li>\u0130\u00e7 Materyal :\u00a0100% Deri<\/li>\n<li>Taban Materyal :\u00a0100% Eva<\/li>\n<\/ul>\n","protected":false},"featured_media":1029,"comment_status":"open","ping_status":"closed","template":"","meta":{"inline_featured_image":false},"product_cat":[73,19,80],"product_tag":[78,64,81],"class_list":{"0":"post-991","1":"product","2":"type-product","3":"status-publish","4":"has-post-thumbnail","6":"product_cat-ayakkabi-erkek","7":"product_cat-erkek","8":"product_cat-klasik","9":"product_tag-ayakkabi","10":"product_tag-erkek","11":"product_tag-klasik","12":"pa_numara-94","13":"pa_numara-95","14":"pa_numara-96","15":"pa_numara-97","17":"first","18":"instock","19":"taxable","20":"shipping-taxable","21":"purchasable","22":"product-type-variable"},"_links":{"self":[{"href":"https:\/\/sobesoft.com.tr\/demo\/e3\/wp-json\/wp\/v2\/product\/991","targetHints":{"allow":["GET"]}}],"collection":[{"href":"https:\/\/sobesoft.com.tr\/demo\/e3\/wp-json\/wp\/v2\/product"}],"about":[{"href":"https:\/\/sobesoft.com.tr\/demo\/e3\/wp-json\/wp\/v2\/types\/product"}],"replies":[{"embeddable":true,"href":"https:\/\/sobesoft.com.tr\/demo\/e3\/wp-json\/wp\/v2\/comments?post=991"}],"wp:featuredmedia":[{"embeddable":true,"href":"https:\/\/sobesoft.com.tr\/demo\/e3\/wp-json\/wp\/v2\/media\/1029"}],"wp:attachment":[{"href":"https:\/\/sobesoft.com.tr\/demo\/e3\/wp-json\/wp\/v2\/media?parent=991"}],"wp:term":[{"taxonomy":"product_cat","embeddable":true,"href":"https:\/\/sobesoft.com.tr\/demo\/e3\/wp-json\/wp\/v2\/product_cat?post=991"},{"taxonomy":"product_tag","embeddable":true,"href":"https:\/\/sobesoft.com.tr\/demo\/e3\/wp-json\/wp\/v2\/product_tag?post=991"}],"curies":[{"name":"wp","href":"https:\/\/api.w.org\/{rel}","templated":true}]}}