{"id":966,"date":"2021-12-16T15:02:38","date_gmt":"2021-12-16T12:02:38","guid":{"rendered":"https:\/\/sobesoft.com.tr\/demo\/e3\/?post_type=product&#038;p=966"},"modified":"2021-12-16T15:04:23","modified_gmt":"2021-12-16T12:04:23","slug":"demo-erkek-outdoor-bot","status":"publish","type":"product","link":"https:\/\/sobesoft.com.tr\/demo\/e3\/urun\/demo-erkek-outdoor-bot\/","title":{"rendered":"Demo Erkek Outdoor Bot"},"content":{"rendered":"<p><strong>Lorem Ipsum<\/strong>, dizgi ve bask\u0131 end\u00fcstrisinde kullan\u0131lan m\u0131g\u0131r metinlerdir. Lorem Ipsum, ad\u0131 bilinmeyen bir matbaac\u0131n\u0131n bir hurufat numune kitab\u0131 olu\u015fturmak \u00fczere bir yaz\u0131 galerisini alarak kar\u0131\u015ft\u0131rd\u0131\u011f\u0131 1500&#8217;lerden beri end\u00fcstri standard\u0131 sahte metinler olarak kullan\u0131lm\u0131\u015ft\u0131r.<\/p>\n<p><strong>\u00dcr\u00fcn\u00fcn \u00d6zellikleri<\/strong><\/p>\n<ul>\n<li class=\"pd-block\"><span class=\"productdetail-title\">\u00dcr\u00fcn Ad\u0131 :<\/span>\u00a0Outdoor Bot<\/li>\n<li class=\"pd-block\">Giyim Tarz\u0131 :G\u00fcnl\u00fck \/ Casual<\/li>\n<li class=\"pd-block\">D\u0131\u015f Materyal :100% Suni Deri<\/li>\n<li class=\"pd-block\">\u0130\u00e7 Materyal :\u00a0100% Tekstil<\/li>\n<li class=\"pd-block\">Taban Materyal :100% Kau\u00e7uk<\/li>\n<li class=\"pd-block\">Desen :D\u00fcz Renk \/ Desensiz<\/li>\n<li class=\"pd-block\">Ayakkab\u0131 Kapama \u00d6zelli\u011fi :\u00a0Fermuarl\u0131<\/li>\n<li class=\"pd-block\">Topuk Tipi :\u00a0D\u00fcz<\/li>\n<li class=\"pd-block\">Topuk Boyu :D\u00fcz<\/li>\n<li class=\"pd-block\">Topuk Y\u00fcksekli\u011fi :2 cm.<\/li>\n<li><span class=\"productdetail-title\">\u00dcr\u00fcn Detay\u0131 :\u00a0<\/span>** Burun Ve Topuk B\u00f6lgesinde Destekleyici Kaplamalar Sayesinde Suya (Ya\u011fmura) Dayan\u0131kl\u0131 Sentetik Y\u00fczey<br \/>\n** Rahat Bir Kullan\u0131m Sa\u011flayan Yumu\u015fak i\u00e7 Taban<br \/>\n** Aya\u011f\u0131 S\u0131cak Tutan, Polar Kaplamal\u0131 \u0130\u00e7 Astar, Kolay Giyilebilirlik Sa\u011flayan Dil Ve Yaka Yast\u0131klar\u0131<\/li>\n<\/ul>\n","protected":false},"excerpt":{"rendered":"<p><strong>\u00dcr\u00fcn\u00fcn K\u0131sa \u00d6zellikleri<\/strong><\/p>\n<ul>\n<li class=\"pd-block\">D\u0131\u015f Materyal :100% Suni Deri<\/li>\n<li class=\"pd-block\">\u0130\u00e7 Materyal :\u00a0100% Tekstil<\/li>\n<li class=\"pd-block\">Taban Materyal :100% Kau\u00e7uk<\/li>\n<\/ul>\n","protected":false},"featured_media":981,"comment_status":"open","ping_status":"closed","template":"","meta":{"inline_featured_image":false},"product_cat":[73,19],"product_tag":[75,64,76],"class_list":{"0":"post-966","1":"product","2":"type-product","3":"status-publish","4":"has-post-thumbnail","6":"product_cat-ayakkabi-erkek","7":"product_cat-erkek","8":"product_tag-bot","9":"product_tag-erkek","10":"product_tag-outdoor","12":"first","13":"instock","14":"taxable","15":"shipping-taxable","16":"purchasable","17":"product-type-variable"},"_links":{"self":[{"href":"https:\/\/sobesoft.com.tr\/demo\/e3\/wp-json\/wp\/v2\/product\/966","targetHints":{"allow":["GET"]}}],"collection":[{"href":"https:\/\/sobesoft.com.tr\/demo\/e3\/wp-json\/wp\/v2\/product"}],"about":[{"href":"https:\/\/sobesoft.com.tr\/demo\/e3\/wp-json\/wp\/v2\/types\/product"}],"replies":[{"embeddable":true,"href":"https:\/\/sobesoft.com.tr\/demo\/e3\/wp-json\/wp\/v2\/comments?post=966"}],"wp:featuredmedia":[{"embeddable":true,"href":"https:\/\/sobesoft.com.tr\/demo\/e3\/wp-json\/wp\/v2\/media\/981"}],"wp:attachment":[{"href":"https:\/\/sobesoft.com.tr\/demo\/e3\/wp-json\/wp\/v2\/media?parent=966"}],"wp:term":[{"taxonomy":"product_cat","embeddable":true,"href":"https:\/\/sobesoft.com.tr\/demo\/e3\/wp-json\/wp\/v2\/product_cat?post=966"},{"taxonomy":"product_tag","embeddable":true,"href":"https:\/\/sobesoft.com.tr\/demo\/e3\/wp-json\/wp\/v2\/product_tag?post=966"}],"curies":[{"name":"wp","href":"https:\/\/api.w.org\/{rel}","templated":true}]}}