{"id":960,"date":"2021-12-16T15:02:38","date_gmt":"2021-12-16T12:02:38","guid":{"rendered":"https:\/\/sobesoft.com.tr\/demo\/e3\/?post_type=product&#038;p=960"},"modified":"2021-12-16T15:04:11","modified_gmt":"2021-12-16T12:04:11","slug":"demo-kirmizi-elbise","status":"publish","type":"product","link":"https:\/\/sobesoft.com.tr\/demo\/e3\/urun\/demo-kirmizi-elbise\/","title":{"rendered":"Demo K\u0131rm\u0131z\u0131 Elbise"},"content":{"rendered":"<p><strong>Lorem Ipsum<\/strong>, dizgi ve bask\u0131 end\u00fcstrisinde kullan\u0131lan m\u0131g\u0131r metinlerdir. Lorem Ipsum, ad\u0131 bilinmeyen bir matbaac\u0131n\u0131n bir hurufat numune kitab\u0131 olu\u015fturmak \u00fczere bir yaz\u0131 galerisini alarak kar\u0131\u015ft\u0131rd\u0131\u011f\u0131 1500\u2019lerden beri end\u00fcstri standard\u0131 sahte metinler olarak kullan\u0131lm\u0131\u015ft\u0131r.<\/p>\n","protected":false},"excerpt":{"rendered":"<ul>\n<li><span style=\"font-size: 85%; color: #333333;\">\u00dcr\u00fcn K\u0131sa \u00d6zellikleri<\/span><\/li>\n<li><span style=\"font-size: 85%; color: #333333;\">Materyal : 50% Akrilik, 50% Viskoz<\/span><\/li>\n<li><span style=\"font-size: 85%; color: #333333;\">Desen : D\u00fcz Renk \/ Desensiz<\/span><\/li>\n<li><span style=\"font-size: 85%; color: #333333;\">Fit \/ Kal\u0131p Bilgisi : Normal \/ Regular<\/span><\/li>\n<\/ul>\n","protected":false},"featured_media":975,"comment_status":"open","ping_status":"closed","template":"","meta":{"inline_featured_image":false},"product_cat":[70,69,20],"product_tag":[71,65,72],"class_list":{"0":"post-960","1":"product","2":"type-product","3":"status-publish","4":"has-post-thumbnail","6":"product_cat-elbise-giyim-kadin","7":"product_cat-giyim-kadin","8":"product_cat-kadin","9":"product_tag-elbise","10":"product_tag-giyim","11":"product_tag-kadin","13":"first","14":"instock","15":"sale","16":"featured","17":"taxable","18":"shipping-taxable","19":"purchasable","20":"product-type-variable"},"_links":{"self":[{"href":"https:\/\/sobesoft.com.tr\/demo\/e3\/wp-json\/wp\/v2\/product\/960","targetHints":{"allow":["GET"]}}],"collection":[{"href":"https:\/\/sobesoft.com.tr\/demo\/e3\/wp-json\/wp\/v2\/product"}],"about":[{"href":"https:\/\/sobesoft.com.tr\/demo\/e3\/wp-json\/wp\/v2\/types\/product"}],"replies":[{"embeddable":true,"href":"https:\/\/sobesoft.com.tr\/demo\/e3\/wp-json\/wp\/v2\/comments?post=960"}],"wp:featuredmedia":[{"embeddable":true,"href":"https:\/\/sobesoft.com.tr\/demo\/e3\/wp-json\/wp\/v2\/media\/975"}],"wp:attachment":[{"href":"https:\/\/sobesoft.com.tr\/demo\/e3\/wp-json\/wp\/v2\/media?parent=960"}],"wp:term":[{"taxonomy":"product_cat","embeddable":true,"href":"https:\/\/sobesoft.com.tr\/demo\/e3\/wp-json\/wp\/v2\/product_cat?post=960"},{"taxonomy":"product_tag","embeddable":true,"href":"https:\/\/sobesoft.com.tr\/demo\/e3\/wp-json\/wp\/v2\/product_tag?post=960"}],"curies":[{"name":"wp","href":"https:\/\/api.w.org\/{rel}","templated":true}]}}