{"id":2009,"date":"2021-12-16T15:06:32","date_gmt":"2021-12-16T12:06:32","guid":{"rendered":"https:\/\/sobesoft.com.tr\/demo\/e3\/?post_type=product&#038;p=2009"},"modified":"2021-12-16T15:06:39","modified_gmt":"2021-12-16T12:06:39","slug":"demo-kadin-bot-5","status":"publish","type":"product","link":"https:\/\/sobesoft.com.tr\/demo\/e3\/urun\/demo-kadin-bot-5\/","title":{"rendered":"Demo Kad\u0131n Bot"},"content":{"rendered":"<p><strong>Lorem Ipsum<\/strong>, dizgi ve bask\u0131 end\u00fcstrisinde kullan\u0131lan m\u0131g\u0131r metinlerdir. Lorem Ipsum, ad\u0131 bilinmeyen bir matbaac\u0131n\u0131n bir hurufat numune kitab\u0131 olu\u015fturmak \u00fczere bir yaz\u0131 galerisini alarak kar\u0131\u015ft\u0131rd\u0131\u011f\u0131 1500&#8217;lerden beri end\u00fcstri standard\u0131 sahte metinler olarak kullan\u0131lm\u0131\u015ft\u0131r.<\/p>\n<p>&nbsp;<\/p>\n<p class=\"pd-block\"><strong>\u00dcr\u00fcn \u00d6zellikleri<\/strong><\/p>\n<div class=\"panel panel-default panel-faq\">\n<div id=\"aboutprodtab\" class=\"panel-collapse animated-collapse collapse in\" aria-expanded=\"true\">\n<div class=\"panel-body js-tabcollapse-panel-body\">\n<div class=\"row no-margin\">\n<div class=\"col-sm-12\">\n<div class=\"panel panel-default panel-faq\">\n<div id=\"aboutprodtab\" class=\"panel-collapse animated-collapse collapse in\" aria-expanded=\"true\">\n<div class=\"panel-body js-tabcollapse-panel-body\">\n<div class=\"row no-margin\">\n<div class=\"col-sm-12\">\n<div class=\"panel panel-default panel-faq\">\n<div id=\"aboutprodtab\" class=\"panel-collapse animated-collapse collapse in\" aria-expanded=\"true\">\n<div class=\"panel-body js-tabcollapse-panel-body\">\n<div class=\"row no-margin\">\n<div class=\"col-sm-12\">\n<div class=\"panel panel-default panel-faq\">\n<div id=\"aboutprodtab\" class=\"panel-collapse animated-collapse collapse in\" aria-expanded=\"true\">\n<div class=\"panel-body js-tabcollapse-panel-body\">\n<div class=\"row no-margin\">\n<div class=\"col-sm-12\">\n<ul>\n<li class=\"pd-block\">D\u0131\u015f Materyali: Suni Deri<\/li>\n<li class=\"pd-block\">\u0130\u00e7 Materyali: Tay T\u00fcy\u00fc Astar<\/li>\n<li class=\"pd-block\">Taban Materyali: Kau\u00e7uk<\/li>\n<li class=\"pd-block\">Topuk Y\u00fcksekli\u011fi : 5 Cm<\/li>\n<li class=\"pd-block\">Taban Y\u00fcksekligi : 0,5 Cm<\/li>\n<li class=\"pd-block\">Ag\u0131rl\u0131k : 196 Gr<\/li>\n<li class=\"pd-block\">Kal\u0131p : Standart Ayak \u00d6l\u00e7\u00fclerine G\u00f6re Tam Kal\u0131p<\/li>\n<\/ul>\n<\/div>\n<\/div>\n<\/div>\n<\/div>\n<\/div>\n<\/div>\n<\/div>\n<\/div>\n<\/div>\n<\/div>\n<\/div>\n<\/div>\n<\/div>\n<\/div>\n<\/div>\n<\/div>\n<\/div>\n<\/div>\n<\/div>\n<\/div>\n","protected":false},"excerpt":{"rendered":"<p><strong>\u00dcr\u00fcn K\u0131sa \u00d6zellikleri<\/strong><\/p>\n<div class=\"panel panel-default panel-faq\">\n<div id=\"aboutprodtab\" class=\"panel-collapse animated-collapse collapse in\" aria-expanded=\"true\">\n<div class=\"panel-body js-tabcollapse-panel-body\">\n<div class=\"row no-margin\">\n<div class=\"col-sm-12\">\n<div class=\"panel panel-default panel-faq\">\n<div id=\"aboutprodtab\" class=\"panel-collapse animated-collapse collapse in\" aria-expanded=\"true\">\n<div class=\"panel-body js-tabcollapse-panel-body\">\n<div class=\"row no-margin\">\n<div class=\"col-sm-12\">\n<div class=\"panel panel-default panel-faq\">\n<div id=\"aboutprodtab\" class=\"panel-collapse animated-collapse collapse in\" aria-expanded=\"true\">\n<div class=\"panel-body js-tabcollapse-panel-body\">\n<div class=\"row no-margin\">\n<div class=\"col-sm-12\">\n<div class=\"panel panel-default panel-faq\">\n<div id=\"aboutprodtab\" class=\"panel-collapse animated-collapse collapse in\" aria-expanded=\"true\">\n<div class=\"panel-body js-tabcollapse-panel-body\">\n<div class=\"row no-margin\">\n<div class=\"col-sm-12\">\n<ul>\n<li class=\"pd-block\">D\u0131\u015f Materyali: Suni Deri<\/li>\n<li class=\"pd-block\">\u0130\u00e7 Materyali: Tay T\u00fcy\u00fc Astar<\/li>\n<li class=\"pd-block\">Taban Materyali: Kau\u00e7uk<\/li>\n<\/ul>\n<\/div>\n<\/div>\n<\/div>\n<\/div>\n<\/div>\n<div class=\"panel panel-default panel-faq\"><\/div>\n<\/div>\n<\/div>\n<\/div>\n<\/div>\n<\/div>\n<\/div>\n<\/div>\n<\/div>\n<\/div>\n<\/div>\n<\/div>\n<\/div>\n<\/div>\n<\/div>\n<\/div>\n","protected":false},"featured_media":2039,"comment_status":"open","ping_status":"closed","template":"","meta":{"inline_featured_image":false},"product_cat":[115,116,20],"product_tag":[78,75,117,72],"class_list":{"0":"post-2009","1":"product","2":"type-product","3":"status-publish","4":"has-post-thumbnail","6":"product_cat-ayakkabi-kadin","7":"product_cat-bot-cizme-ayakkabi-kadin","8":"product_cat-kadin","9":"product_tag-ayakkabi","10":"product_tag-bot","11":"product_tag-cizme","12":"product_tag-kadin","13":"pa_numara-94","14":"pa_numara-95","15":"pa_numara-96","16":"pa_numara-97","18":"first","19":"instock","20":"taxable","21":"shipping-taxable","22":"product-type-variable"},"_links":{"self":[{"href":"https:\/\/sobesoft.com.tr\/demo\/e3\/wp-json\/wp\/v2\/product\/2009","targetHints":{"allow":["GET"]}}],"collection":[{"href":"https:\/\/sobesoft.com.tr\/demo\/e3\/wp-json\/wp\/v2\/product"}],"about":[{"href":"https:\/\/sobesoft.com.tr\/demo\/e3\/wp-json\/wp\/v2\/types\/product"}],"replies":[{"embeddable":true,"href":"https:\/\/sobesoft.com.tr\/demo\/e3\/wp-json\/wp\/v2\/comments?post=2009"}],"wp:featuredmedia":[{"embeddable":true,"href":"https:\/\/sobesoft.com.tr\/demo\/e3\/wp-json\/wp\/v2\/media\/2039"}],"wp:attachment":[{"href":"https:\/\/sobesoft.com.tr\/demo\/e3\/wp-json\/wp\/v2\/media?parent=2009"}],"wp:term":[{"taxonomy":"product_cat","embeddable":true,"href":"https:\/\/sobesoft.com.tr\/demo\/e3\/wp-json\/wp\/v2\/product_cat?post=2009"},{"taxonomy":"product_tag","embeddable":true,"href":"https:\/\/sobesoft.com.tr\/demo\/e3\/wp-json\/wp\/v2\/product_tag?post=2009"}],"curies":[{"name":"wp","href":"https:\/\/api.w.org\/{rel}","templated":true}]}}