{"id":519,"date":"2022-09-13T13:43:23","date_gmt":"2022-09-13T10:43:23","guid":{"rendered":"https:\/\/sobesoft.com.tr\/demo\/e20\/?post_type=product&#038;p=519"},"modified":"2022-09-13T13:46:45","modified_gmt":"2022-09-13T10:46:45","slug":"demo-erkek-dokuma-gomlek","status":"publish","type":"product","link":"https:\/\/sobesoft.com.tr\/demo\/e20\/urun\/demo-erkek-dokuma-gomlek\/","title":{"rendered":"Demo Erkek Dokuma G\u00f6mlek"},"content":{"rendered":"<p><strong>Lorem Ipsum<\/strong>, dizgi ve bask\u0131 end\u00fcstrisinde kullan\u0131lan m\u0131g\u0131r metinlerdir. Lorem Ipsum, ad\u0131 bilinmeyen bir matbaac\u0131n\u0131n bir hurufat numune kitab\u0131 olu\u015fturmak \u00fczere bir yaz\u0131 galerisini alarak kar\u0131\u015ft\u0131rd\u0131\u011f\u0131 1500&#8217;lerden beri end\u00fcstri standard\u0131 sahte metinler olarak kullan\u0131lm\u0131\u015ft\u0131r.<\/p>\n<div class=\"panel panel-default panel-faq\">\n<div id=\"aboutprodtab\" class=\"panel-collapse animated-collapse collapse in\" aria-expanded=\"true\">\n<div class=\"panel-body js-tabcollapse-panel-body\">\n<div class=\"row no-margin\">\n<div class=\"col-sm-12\">\n<div class=\"panel panel-default panel-faq\">\n<div id=\"aboutprodtab\" class=\"panel-collapse animated-collapse collapse in\" aria-expanded=\"true\">\n<div class=\"panel-body js-tabcollapse-panel-body\">\n<div class=\"row no-margin\"><\/div>\n<\/div>\n<\/div>\n<\/div>\n<\/div>\n<\/div>\n<\/div>\n<\/div>\n<\/div>\n","protected":false},"excerpt":{"rendered":"<p><strong>\u00dcr\u00fcn K\u0131sa \u00d6zellikleri<\/strong><\/p>\n<div class=\"panel panel-default panel-faq\">\n<div id=\"aboutprodtab\" class=\"panel-collapse animated-collapse collapse in\" aria-expanded=\"true\">\n<div class=\"panel-body js-tabcollapse-panel-body\">\n<div class=\"row no-margin\">\n<div class=\"col-sm-12\">\n<div class=\"panel panel-default panel-faq\">\n<div id=\"aboutprodtab\" class=\"panel-collapse animated-collapse collapse in\" aria-expanded=\"true\">\n<div class=\"panel-body js-tabcollapse-panel-body\">\n<div class=\"row no-margin\">\n<div class=\"col-sm-12\">\n<div class=\"panel panel-default panel-faq\">\n<div id=\"aboutprodtab\" class=\"panel-collapse animated-collapse collapse in\" aria-expanded=\"true\">\n<div class=\"panel-body js-tabcollapse-panel-body\">\n<div class=\"row no-margin\">\n<div class=\"col-sm-12\">\n<ul>\n<li class=\"pd-block\">Dokuma G\u00f6mlek<\/li>\n<li class=\"pd-block\">Lacivert<\/li>\n<li class=\"pd-block\">Fit: Slim<\/li>\n<\/ul>\n<\/div>\n<\/div>\n<\/div>\n<\/div>\n<\/div>\n<\/div>\n<\/div>\n<\/div>\n<\/div>\n<\/div>\n<\/div>\n<\/div>\n<\/div>\n<\/div>\n<\/div>\n","protected":false},"featured_media":564,"comment_status":"open","ping_status":"closed","template":"","meta":{"inline_featured_image":false},"product_cat":[15,16,21,27,29,63,64,22,28,20,19,26,17,25,18,23,24],"product_tag":[36,65],"class_list":{"0":"post-519","1":"product","2":"type-product","3":"status-publish","4":"has-post-thumbnail","6":"product_cat-tum-urunler","7":"product_cat-adidas","8":"product_cat-apple","9":"product_cat-derimod","10":"product_cat-fabrika","11":"product_cat-giyim-2","12":"product_cat-gomlek","13":"product_cat-huawei","14":"product_cat-hummel","15":"product_cat-kigili","16":"product_cat-lacoste","17":"product_cat-mavi","18":"product_cat-nike","19":"product_cat-police","20":"product_cat-puma","21":"product_cat-turkcell","22":"product_cat-vodafone","23":"product_tag-giyim","24":"product_tag-gomlek","26":"first","27":"instock","28":"sale","29":"shipping-taxable","30":"purchasable","31":"product-type-variable"},"_links":{"self":[{"href":"https:\/\/sobesoft.com.tr\/demo\/e20\/wp-json\/wp\/v2\/product\/519","targetHints":{"allow":["GET"]}}],"collection":[{"href":"https:\/\/sobesoft.com.tr\/demo\/e20\/wp-json\/wp\/v2\/product"}],"about":[{"href":"https:\/\/sobesoft.com.tr\/demo\/e20\/wp-json\/wp\/v2\/types\/product"}],"replies":[{"embeddable":true,"href":"https:\/\/sobesoft.com.tr\/demo\/e20\/wp-json\/wp\/v2\/comments?post=519"}],"wp:featuredmedia":[{"embeddable":true,"href":"https:\/\/sobesoft.com.tr\/demo\/e20\/wp-json\/wp\/v2\/media\/564"}],"wp:attachment":[{"href":"https:\/\/sobesoft.com.tr\/demo\/e20\/wp-json\/wp\/v2\/media?parent=519"}],"wp:term":[{"taxonomy":"product_cat","embeddable":true,"href":"https:\/\/sobesoft.com.tr\/demo\/e20\/wp-json\/wp\/v2\/product_cat?post=519"},{"taxonomy":"product_tag","embeddable":true,"href":"https:\/\/sobesoft.com.tr\/demo\/e20\/wp-json\/wp\/v2\/product_tag?post=519"}],"curies":[{"name":"wp","href":"https:\/\/api.w.org\/{rel}","templated":true}]}}