{"id":187,"date":"2022-09-13T13:42:12","date_gmt":"2022-09-13T10:42:12","guid":{"rendered":"https:\/\/sobesoft.com.tr\/demo\/e20\/?post_type=product&#038;p=187"},"modified":"2022-09-13T13:46:50","modified_gmt":"2022-09-13T10:46:50","slug":"demo-turkuaz-sneaker-ayakkabi","status":"publish","type":"product","link":"https:\/\/sobesoft.com.tr\/demo\/e20\/urun\/demo-turkuaz-sneaker-ayakkabi\/","title":{"rendered":"Demo Turkuaz Sneaker Ayakkab\u0131"},"content":{"rendered":"<p><strong>Lorem Ipsum<\/strong>, dizgi ve bask\u0131 end\u00fcstrisinde kullan\u0131lan m\u0131g\u0131r metinlerdir. Lorem Ipsum, ad\u0131 bilinmeyen bir matbaac\u0131n\u0131n bir hurufat numune kitab\u0131 olu\u015fturmak \u00fczere bir yaz\u0131 galerisini alarak kar\u0131\u015ft\u0131rd\u0131\u011f\u0131 1500&#8217;lerden beri end\u00fcstri standard\u0131 sahte metinler olarak kullan\u0131lm\u0131\u015ft\u0131r.<\/p>\n<p>&nbsp;<\/p>\n<p class=\"pd-block\"><strong>\u00dcr\u00fcn \u00d6zellikleri<\/strong><\/p>\n<ul>\n<li>\u00dcr\u00fcn Ad\u0131 : Sneaker Ayakkab\u0131<\/li>\n<li>Giyim Tarz\u0131 :G\u00fcnl\u00fck \/ Casual<\/li>\n<li>D\u0131\u015f Materyal :100% Deri<\/li>\n<li>\u0130\u00e7 Materyal :\u00a0100% Deri<\/li>\n<li>Taban Materyal :\u00a0Poli\u00fcretan<\/li>\n<li>Desen :D\u00fcz Renk \/ Desensiz<\/li>\n<li>Topuk Tipi :\u00a0D\u00fcz<\/li>\n<li>Topuk Boyu :D\u00fcz<\/li>\n<li>Topuk Y\u00fcksekli\u011fi :2 cm.<\/li>\n<\/ul>\n","protected":false},"excerpt":{"rendered":"<p><strong>\u00dcr\u00fcn K\u0131sa \u00d6zellikleri<\/strong><\/p>\n<ul>\n<li>D\u0131\u015f Materyal :100% Deri<\/li>\n<li>\u0130\u00e7 Materyal :\u00a0100% Deri<\/li>\n<li>Taban Materyal :\u00a0Poli\u00fcretan<\/li>\n<\/ul>\n","protected":false},"featured_media":286,"comment_status":"open","ping_status":"closed","template":"","meta":{"inline_featured_image":false},"product_cat":[15,16,21,39,27,38,29,22,28,20,19,26,17,25,18,47,23,24],"product_tag":[43,41,48],"class_list":{"0":"post-187","1":"product","2":"type-product","3":"status-publish","4":"has-post-thumbnail","6":"product_cat-tum-urunler","7":"product_cat-adidas","8":"product_cat-apple","9":"product_cat-ayakkabi","10":"product_cat-derimod","11":"product_cat-erkek","12":"product_cat-fabrika","13":"product_cat-huawei","14":"product_cat-hummel","15":"product_cat-kigili","16":"product_cat-lacoste","17":"product_cat-mavi","18":"product_cat-nike","19":"product_cat-police","20":"product_cat-puma","21":"product_cat-sneaker","22":"product_cat-turkcell","23":"product_cat-vodafone","24":"product_tag-ayakkabi","25":"product_tag-erkek","26":"product_tag-sneaker","28":"first","29":"instock","30":"shipping-taxable","31":"purchasable","32":"product-type-variable"},"_links":{"self":[{"href":"https:\/\/sobesoft.com.tr\/demo\/e20\/wp-json\/wp\/v2\/product\/187","targetHints":{"allow":["GET"]}}],"collection":[{"href":"https:\/\/sobesoft.com.tr\/demo\/e20\/wp-json\/wp\/v2\/product"}],"about":[{"href":"https:\/\/sobesoft.com.tr\/demo\/e20\/wp-json\/wp\/v2\/types\/product"}],"replies":[{"embeddable":true,"href":"https:\/\/sobesoft.com.tr\/demo\/e20\/wp-json\/wp\/v2\/comments?post=187"}],"wp:featuredmedia":[{"embeddable":true,"href":"https:\/\/sobesoft.com.tr\/demo\/e20\/wp-json\/wp\/v2\/media\/286"}],"wp:attachment":[{"href":"https:\/\/sobesoft.com.tr\/demo\/e20\/wp-json\/wp\/v2\/media?parent=187"}],"wp:term":[{"taxonomy":"product_cat","embeddable":true,"href":"https:\/\/sobesoft.com.tr\/demo\/e20\/wp-json\/wp\/v2\/product_cat?post=187"},{"taxonomy":"product_tag","embeddable":true,"href":"https:\/\/sobesoft.com.tr\/demo\/e20\/wp-json\/wp\/v2\/product_tag?post=187"}],"curies":[{"name":"wp","href":"https:\/\/api.w.org\/{rel}","templated":true}]}}