{"id":52,"date":"2022-08-25T10:30:47","date_gmt":"2022-08-25T07:30:47","guid":{"rendered":"https:\/\/sobesoft.com.tr\/demo\/e12\/?page_id=52"},"modified":"2022-08-25T10:43:14","modified_gmt":"2022-08-25T07:43:14","slug":"iletisim","status":"publish","type":"page","link":"https:\/\/sobesoft.com.tr\/demo\/e12\/iletisim\/","title":{"rendered":"\u0130leti\u015fim"},"content":{"rendered":"  <div id=\"page-header-1256077912\" class=\"page-header-wrapper\">\n  <div class=\"page-title dark featured-title\">\n\n    \n    <div class=\"page-title-inner container align-center flex-row medium-flex-wrap\" >\n              <div class=\"title-wrapper flex-col text-left medium-text-center\">\n          <h1 class=\"entry-title mb-0\">\n            \u0130leti\u015fim          <\/h1>\n        <\/div>\n                    <div class=\"title-content flex-col flex-right text-right medium-text-center\">\n        <div class=\"title-breadcrumbs pb-half pt-half\"><nav class=\"woocommerce-breadcrumb breadcrumbs uppercase\">Home<\/nav><\/div>      <\/div>\n    <\/div>\n\n       <\/div>\n    <\/div>\n  \n\t<section class=\"section\" id=\"section_1151703727\">\n\t\t<div class=\"bg section-bg fill bg-fill  bg-loaded\" >\n\n\t\t\t\n\t\t\t\n\t\t\t\n\n\t\t<\/div>\n\n\t\t\n\n\t\t<div class=\"section-content relative\">\n\t\t\t\n\t<div id=\"gap-430726972\" class=\"gap-element clearfix\" style=\"display:block; height:auto;\">\n\t\t\n<style>\n#gap-430726972 {\n  padding-top: 30px;\n}\n<\/style>\n\t<\/div>\n\t\n<div class=\"row row-small\"  id=\"row-1934256590\">\n\n\t<div id=\"col-1757345686\" class=\"col small-12 large-12\"  >\n\t\t\t\t<div class=\"col-inner\"  >\n\t\t\t\n\t\t\t\n\t<div id=\"text-3315192298\" class=\"text\">\n\t\t\n<h2>\u0130leti\u015fim Bilgilerimiz<\/h2>\n\t\t\n<style>\n#text-3315192298 {\n  font-size: 1.25rem;\n  text-align: center;\n  color: rgb(0, 0, 0);\n}\n#text-3315192298 > * {\n  color: rgb(0, 0, 0);\n}\n<\/style>\n\t<\/div>\n\t\n\t<div id=\"text-1483512325\" class=\"text\">\n\t\t\n<p>A\u015fa\u011f\u0131daki ileti\u015fim bilgilerini kullanarak bize h\u0131zl\u0131ca ula\u015fabilirsiniz.<\/p>\n\t\t\n<style>\n#text-1483512325 {\n  text-align: center;\n}\n<\/style>\n\t<\/div>\n\t\n\t<div id=\"gap-1443777828\" class=\"gap-element clearfix\" style=\"display:block; height:auto;\">\n\t\t\n<style>\n#gap-1443777828 {\n  padding-top: 30px;\n}\n<\/style>\n\t<\/div>\n\t\n\t\t<\/div>\n\t\t\t\t\n<style>\n#col-1757345686 > .col-inner {\n  padding: 0px 200px 0px 200px;\n}\n<\/style>\n\t<\/div>\n\n\t\n\n\t<div id=\"col-1897267802\" class=\"col medium-3 small-12 large-3\"  >\n\t\t\t\t<div class=\"col-inner\"  >\n\t\t\t\n\t\t\t\n\n\t\t<div class=\"icon-box featured-box primary tolga icon-box-center text-center\"  >\n\t\t\t\t\t<div class=\"icon-box-img\" style=\"width: 60px\">\n\t\t\t\t<div class=\"icon\">\n\t\t\t\t\t<div class=\"icon-inner\" style=\"color:rgb(255, 255, 255);\">\n\t\t\t\t\t\t<svg version=\"1.1\" id=\"Capa_1\" xmlns=\"http:\/\/www.w3.org\/2000\/svg\" xmlns:xlink=\"http:\/\/www.w3.org\/1999\/xlink\" x=\"0px\" y=\"0px\" viewBox=\"0 0 217.109 217.109\" style=\"enable-background:new 0 0 217.109 217.109;\" xml:space=\"preserve\" width=\"217.109\"  height=\"217.109\" >\n<g fill=\"#F1F1F1\">\n<path d=\"M108.552,0C62.42,0,24.89,37.535,24.89,83.672c0,32.967,13.802,66.314,39.914,96.437\nc19.503,22.499,38.831,35.246,39.645,35.778c1.246,0.815,2.675,1.222,4.104,1.222c1.428,0,2.857-0.407,4.104-1.222\nc0.813-0.532,20.144-13.279,39.647-35.777c26.114-30.124,39.917-63.471,39.917-96.438C192.22,37.535,154.686,0,108.552,0z\nM108.552,200.4C93.165,188.934,39.89,144.806,39.89,83.672C39.89,45.806,70.691,15,108.552,15\nc37.864,0,68.668,30.806,68.668,68.672C177.22,144.806,123.94,188.934,108.552,200.4z\" fill=\"#F1F1F1\"><\/path>\n<path d=\"M108.557,50.449c-18.31,0-33.206,14.897-33.206,33.209c0,18.307,14.896,33.201,33.206,33.201\nc18.31,0,33.205-14.894,33.205-33.201C141.762,65.347,126.866,50.449,108.557,50.449z M108.557,101.859\nc-10.039,0-18.206-8.165-18.206-18.201c0-10.041,8.167-18.209,18.206-18.209c10.038,0,18.205,8.168,18.205,18.209\nC126.762,93.694,118.595,101.859,108.557,101.859z\" fill=\"#F1F1F1\"><\/path>\n<\/g>\n<g fill=\"#F1F1F1\">\n<\/g>\n<g fill=\"#F1F1F1\">\n<\/g>\n<g fill=\"#F1F1F1\">\n<\/g>\n<g fill=\"#F1F1F1\">\n<\/g>\n<g fill=\"#F1F1F1\">\n<\/g>\n<g fill=\"#F1F1F1\">\n<\/g>\n<g fill=\"#F1F1F1\">\n<\/g>\n<g fill=\"#F1F1F1\">\n<\/g>\n<g fill=\"#F1F1F1\">\n<\/g>\n<g fill=\"#F1F1F1\">\n<\/g>\n<g fill=\"#F1F1F1\">\n<\/g>\n<g fill=\"#F1F1F1\">\n<\/g>\n<g fill=\"#F1F1F1\">\n<\/g>\n<g fill=\"#F1F1F1\">\n<\/g>\n<g fill=\"#F1F1F1\">\n<\/g>\n<\/svg>\t\t\t\t\t<\/div>\n\t\t\t\t<\/div>\n\t\t\t<\/div>\n\t\t\t\t<div class=\"icon-box-text last-reset\">\n\t\t\t\t\t\t\t\t\t\n\t<div id=\"text-345364717\" class=\"text\">\n\t\t\n<h4>Adres<\/h4>\n<p>Mecidiyek\u00f6y\/\u0130stanbul<\/p>\n\t\t\n<style>\n#text-345364717 {\n  color: rgb(255,255,255);\n}\n#text-345364717 > * {\n  color: rgb(255,255,255);\n}\n<\/style>\n\t<\/div>\n\t\n\t\t<\/div>\n\t<\/div>\n\t\n\t\n\t\t<\/div>\n\t\t\t\t\t<\/div>\n\n\t\n\n\t<div id=\"col-686324728\" class=\"col medium-3 small-12 large-3\"  >\n\t\t\t\t<div class=\"col-inner\"  >\n\t\t\t\n\t\t\t\n\n\t\t<div class=\"icon-box featured-box secondary tolga icon-box-center text-center\"  >\n\t\t\t\t\t<div class=\"icon-box-img\" style=\"width: 60px\">\n\t\t\t\t<div class=\"icon\">\n\t\t\t\t\t<div class=\"icon-inner\" style=\"color:rgb(255, 255, 255);\">\n\t\t\t\t\t\t<svg version=\"1.1\" id=\"Capa_1\" xmlns=\"http:\/\/www.w3.org\/2000\/svg\" xmlns:xlink=\"http:\/\/www.w3.org\/1999\/xlink\" x=\"0px\" y=\"0px\" viewBox=\"0 0 211.621 211.621\" style=\"enable-background:new 0 0 211.621 211.621;\" xml:space=\"preserve\" width=\"211.621\"  height=\"211.621\" >\n<g fill=\"#F1F1F1\">\n<path d=\"M180.948,27.722C163.07,9.844,139.299-0.001,114.017,0c-4.143,0-7.5,3.358-7.5,7.5c0,4.142,3.358,7.5,7.5,7.5\nc21.276-0.001,41.279,8.284,56.324,23.329c15.046,15.045,23.331,35.049,23.33,56.326c0,4.142,3.357,7.5,7.5,7.5\nc4.142,0,7.5-3.358,7.5-7.499C208.672,69.371,198.827,45.6,180.948,27.722z\" fill=\"#F1F1F1\"><\/path>\n<path d=\"M150.096,94.656c0,4.142,3.358,7.5,7.501,7.499c4.142,0,7.499-3.358,7.499-7.5c-0.002-28.16-22.916-51.073-51.078-51.077\nc-0.001,0,0,0-0.001,0c-4.142,0-7.499,3.357-7.5,7.499c0,4.142,3.357,7.5,7.499,7.501\nC133.909,58.581,150.094,74.765,150.096,94.656z\" fill=\"#F1F1F1\"><\/path>\n<path d=\"M133.5,132.896c-11.432-0.592-17.256,7.91-20.049,11.994c-2.339,3.419-1.463,8.086,1.956,10.425\nc3.419,2.339,8.086,1.463,10.425-1.956c3.3-4.825,4.795-5.584,6.823-5.488c6.491,0.763,32.056,19.497,34.616,25.355\nc0.642,1.725,0.618,3.416-0.071,5.473c-2.684,7.966-7.127,13.564-12.851,16.188c-5.438,2.493-12.105,2.267-19.276-0.651\nc-26.777-10.914-50.171-26.145-69.531-45.271c-0.008-0.008-0.016-0.015-0.023-0.023c-19.086-19.341-34.289-42.705-45.185-69.441\nc-2.919-7.177-3.145-13.845-0.652-19.282c2.624-5.724,8.222-10.167,16.181-12.848c2.064-0.692,3.752-0.714,5.461-0.078\nc5.879,2.569,24.612,28.133,25.368,34.551c0.108,2.104-0.657,3.598-5.478,6.892c-3.42,2.336-4.299,7.003-1.962,10.423\nc2.336,3.42,7.002,4.298,10.423,1.962c4.086-2.79,12.586-8.598,11.996-20.069C81.021,69.07,57.713,37.339,46.576,33.244\nc-4.953-1.846-10.163-1.878-15.491-0.09C19.097,37.191,10.439,44.389,6.047,53.969c-4.26,9.294-4.125,20.077,0.395,31.189\nc11.661,28.612,27.976,53.647,48.491,74.412c0.05,0.051,0.101,0.101,0.153,0.15c20.75,20.477,45.756,36.762,74.33,48.409\nc5.722,2.327,11.357,3.492,16.746,3.492c5.074,0,9.932-1.032,14.438-3.098c9.581-4.391,16.778-13.048,20.818-25.044\nc1.784-5.318,1.755-10.526-0.077-15.456C177.232,156.856,145.501,133.548,133.5,132.896z\" fill=\"#F1F1F1\"><\/path>\n<\/g>\n<g fill=\"#F1F1F1\">\n<\/g>\n<g fill=\"#F1F1F1\">\n<\/g>\n<g fill=\"#F1F1F1\">\n<\/g>\n<g fill=\"#F1F1F1\">\n<\/g>\n<g fill=\"#F1F1F1\">\n<\/g>\n<g fill=\"#F1F1F1\">\n<\/g>\n<g fill=\"#F1F1F1\">\n<\/g>\n<g fill=\"#F1F1F1\">\n<\/g>\n<g fill=\"#F1F1F1\">\n<\/g>\n<g fill=\"#F1F1F1\">\n<\/g>\n<g fill=\"#F1F1F1\">\n<\/g>\n<g fill=\"#F1F1F1\">\n<\/g>\n<g fill=\"#F1F1F1\">\n<\/g>\n<g fill=\"#F1F1F1\">\n<\/g>\n<g fill=\"#F1F1F1\">\n<\/g>\n<\/svg>\t\t\t\t\t<\/div>\n\t\t\t\t<\/div>\n\t\t\t<\/div>\n\t\t\t\t<div class=\"icon-box-text last-reset\">\n\t\t\t\t\t\t\t\t\t\n\t<div id=\"text-3708544458\" class=\"text\">\n\t\t\n<h4>Telefon<\/h4>\n<p>+90 (555) 555 55 55<\/p>\n\t\t\n<style>\n#text-3708544458 {\n  color: rgb(255,255,255);\n}\n#text-3708544458 > * {\n  color: rgb(255,255,255);\n}\n<\/style>\n\t<\/div>\n\t\n\t\t<\/div>\n\t<\/div>\n\t\n\t\n\t\t<\/div>\n\t\t\t\t\t<\/div>\n\n\t\n\n\t<div id=\"col-2121109035\" class=\"col medium-3 small-12 large-3\"  >\n\t\t\t\t<div class=\"col-inner\"  >\n\t\t\t\n\t\t\t\n\n\t\t<div class=\"icon-box featured-box primary tolga icon-box-center text-center\"  >\n\t\t\t\t\t<div class=\"icon-box-img\" style=\"width: 60px\">\n\t\t\t\t<div class=\"icon\">\n\t\t\t\t\t<div class=\"icon-inner\" style=\"color:rgb(255, 255, 255);\">\n\t\t\t\t\t\t<svg version=\"1.1\" id=\"Capa_1\" xmlns=\"http:\/\/www.w3.org\/2000\/svg\" xmlns:xlink=\"http:\/\/www.w3.org\/1999\/xlink\" x=\"0px\" y=\"0px\" viewBox=\"0 0 241.061 241.061\" style=\"enable-background:new 0 0 241.061 241.061;\" xml:space=\"preserve\" width=\"241.061\"  height=\"241.061\" >\n<g fill=\"#F1F1F1\">\n<path d=\"M198.602,70.402l-78.063,68.789l-78.08-68.79c-3.109-2.739-7.848-2.438-10.586,0.669c-2.737,3.108-2.439,7.847,0.67,10.586\nl83.039,73.159c1.417,1.248,3.188,1.872,4.958,1.872s3.542-0.624,4.959-1.873l83.022-73.159c3.107-2.738,3.406-7.478,0.668-10.586\nC206.449,67.964,201.711,67.664,198.602,70.402z\" fill=\"#F1F1F1\"><\/path>\n<path d=\"M218.561,38.529H22.5c-12.406,0-22.5,10.093-22.5,22.5v119.002c0,12.407,10.094,22.5,22.5,22.5h196.061\nc12.406,0,22.5-10.093,22.5-22.5V61.029C241.061,48.623,230.967,38.529,218.561,38.529z M226.061,180.031\nc0,4.135-3.364,7.5-7.5,7.5H22.5c-4.136,0-7.5-3.365-7.5-7.5V61.029c0-4.135,3.364-7.5,7.5-7.5h196.061c4.136,0,7.5,3.365,7.5,7.5\nV180.031z\" fill=\"#F1F1F1\"><\/path>\n<\/g>\n<g fill=\"#F1F1F1\">\n<\/g>\n<g fill=\"#F1F1F1\">\n<\/g>\n<g fill=\"#F1F1F1\">\n<\/g>\n<g fill=\"#F1F1F1\">\n<\/g>\n<g fill=\"#F1F1F1\">\n<\/g>\n<g fill=\"#F1F1F1\">\n<\/g>\n<g fill=\"#F1F1F1\">\n<\/g>\n<g fill=\"#F1F1F1\">\n<\/g>\n<g fill=\"#F1F1F1\">\n<\/g>\n<g fill=\"#F1F1F1\">\n<\/g>\n<g fill=\"#F1F1F1\">\n<\/g>\n<g fill=\"#F1F1F1\">\n<\/g>\n<g fill=\"#F1F1F1\">\n<\/g>\n<g fill=\"#F1F1F1\">\n<\/g>\n<g fill=\"#F1F1F1\">\n<\/g>\n<\/svg>\t\t\t\t\t<\/div>\n\t\t\t\t<\/div>\n\t\t\t<\/div>\n\t\t\t\t<div class=\"icon-box-text last-reset\">\n\t\t\t\t\t\t\t\t\t\n\t<div id=\"text-82245122\" class=\"text\">\n\t\t\n<h4>E-Posta<\/h4>\n<p>demo@voligen.com<\/p>\n\t\t\n<style>\n#text-82245122 {\n  color: rgb(255,255,255);\n}\n#text-82245122 > * {\n  color: rgb(255,255,255);\n}\n<\/style>\n\t<\/div>\n\t\n\t\t<\/div>\n\t<\/div>\n\t\n\t\n\t\t<\/div>\n\t\t\t\t\t<\/div>\n\n\t\n\n\t<div id=\"col-1023115612\" class=\"col medium-3 small-12 large-3\"  >\n\t\t\t\t<div class=\"col-inner\"  >\n\t\t\t\n\t\t\t\n\n\t\t<div class=\"icon-box featured-box secondary tolga icon-box-center text-center\"  >\n\t\t\t\t\t<div class=\"icon-box-img\" style=\"width: 60px\">\n\t\t\t\t<div class=\"icon\">\n\t\t\t\t\t<div class=\"icon-inner\" style=\"color:rgb(255, 255, 255);\">\n\t\t\t\t\t\t<svg width=\"24px\" height=\"24px\" viewBox=\"0 0 24 24\" xmlns=\"http:\/\/www.w3.org\/2000\/svg\"><path d=\"M12 2C6.486 2 2 6.486 2 12s4.486 10 10 10 10-4.486 10-10S17.514 2 12 2zm0 18c-4.411 0-8-3.589-8-8s3.589-8 8-8 8 3.589 8 8-3.589 8-8 8z\"\/><path d=\"M13 7h-2v6h6v-2h-4z\"\/><\/svg>\t\t\t\t\t<\/div>\n\t\t\t\t<\/div>\n\t\t\t<\/div>\n\t\t\t\t<div class=\"icon-box-text last-reset\">\n\t\t\t\t\t\t\t\t\t\n\t<div id=\"text-2160566023\" class=\"text\">\n\t\t\n<h4>\u00c7al\u0131\u015fma Saatleri<\/h4>\n<p>Haftai\u00e7i : 09.00 &#8211; 18.00\n<\/p>\n\t\t\n<style>\n#text-2160566023 {\n  color: rgb(255,255,255);\n}\n#text-2160566023 > * {\n  color: rgb(255,255,255);\n}\n<\/style>\n\t<\/div>\n\t\n\t\t<\/div>\n\t<\/div>\n\t\n\t\n\t\t<\/div>\n\t\t\t\t\t<\/div>\n\n\t\n<\/div>\n\t<div id=\"gap-1628870278\" class=\"gap-element clearfix\" style=\"display:block; height:auto;\">\n\t\t\n<style>\n#gap-1628870278 {\n  padding-top: 50px;\n}\n<\/style>\n\t<\/div>\n\t\n<div class=\"row row-small\"  id=\"row-517222353\">\n\n\t<div id=\"col-891560539\" class=\"col medium-6 small-12 large-6\"  >\n\t\t\t\t<div class=\"col-inner\"  >\n\t\t\t\n\t\t\t\n<p><iframe src=\"https:\/\/www.google.com\/maps\/embed?pb=!1m18!1m12!1m3!1d6015.760606661629!2d28.996925!3d41.07160899999999!2m3!1f0!2f0!3f0!3m2!1i1024!2i768!4f13.1!3m3!1m2!1s0x14cab6f83672f8bd%3A0x12c9d57e5a4cc0b8!2zTWVjaWRpeWVrw7Z5LCAzNDM4MSDFnmnFn2xpL8Swc3RhbmJ1bA!5e0!3m2!1str!2str!4v1661413258246!5m2!1str!2str\" width=\"600\" height=\"450\" style=\"border:0;\" allowfullscreen=\"\" loading=\"lazy\" referrerpolicy=\"no-referrer-when-downgrade\"><\/iframe><\/p>\n\t\t<\/div>\n\t\t\t\t\t<\/div>\n\n\t\n\n\t<div id=\"col-879257320\" class=\"col medium-6 small-12 large-6\"  >\n\t\t\t\t<div class=\"col-inner\"  >\n\t\t\t\n\t\t\t\n\n<div class=\"wpcf7 no-js\" id=\"wpcf7-f5-o1\" lang=\"tr-TR\" dir=\"ltr\">\n<div class=\"screen-reader-response\"><p role=\"status\" aria-live=\"polite\" aria-atomic=\"true\"><\/p> <ul><\/ul><\/div>\n<form action=\"\/demo\/e12\/wp-json\/wp\/v2\/pages\/52#wpcf7-f5-o1\" method=\"post\" class=\"wpcf7-form init\" aria-label=\"Contact form\" novalidate=\"novalidate\" data-status=\"init\">\n<div style=\"display: none;\">\n<input type=\"hidden\" name=\"_wpcf7\" value=\"5\" \/>\n<input type=\"hidden\" name=\"_wpcf7_version\" value=\"5.9.3\" \/>\n<input type=\"hidden\" name=\"_wpcf7_locale\" value=\"tr_TR\" \/>\n<input type=\"hidden\" name=\"_wpcf7_unit_tag\" value=\"wpcf7-f5-o1\" \/>\n<input type=\"hidden\" name=\"_wpcf7_container_post\" value=\"0\" \/>\n<input type=\"hidden\" name=\"_wpcf7_posted_data_hash\" value=\"\" \/>\n<\/div>\n<p><label> Ad\u0131n\u0131z<br \/>\n<span class=\"wpcf7-form-control-wrap\" data-name=\"your-name\"><input size=\"40\" class=\"wpcf7-form-control wpcf7-text wpcf7-validates-as-required\" aria-required=\"true\" aria-invalid=\"false\" value=\"\" type=\"text\" name=\"your-name\" \/><\/span> <\/label>\n<\/p>\n<p><label> E-posta adresiniz<br \/>\n<span class=\"wpcf7-form-control-wrap\" data-name=\"your-email\"><input size=\"40\" class=\"wpcf7-form-control wpcf7-email wpcf7-validates-as-required wpcf7-text wpcf7-validates-as-email\" aria-required=\"true\" aria-invalid=\"false\" value=\"\" type=\"email\" name=\"your-email\" \/><\/span> <\/label>\n<\/p>\n<p><label> Konu<br \/>\n<span class=\"wpcf7-form-control-wrap\" data-name=\"your-subject\"><input size=\"40\" class=\"wpcf7-form-control wpcf7-text wpcf7-validates-as-required\" aria-required=\"true\" aria-invalid=\"false\" value=\"\" type=\"text\" name=\"your-subject\" \/><\/span> <\/label>\n<\/p>\n<p><label> \u0130letiniz (tercihe ba\u011fl\u0131)<br \/>\n<span class=\"wpcf7-form-control-wrap\" data-name=\"your-message\"><textarea cols=\"40\" rows=\"10\" class=\"wpcf7-form-control wpcf7-textarea\" aria-invalid=\"false\" name=\"your-message\"><\/textarea><\/span> <\/label>\n<\/p>\n<p><input class=\"wpcf7-form-control wpcf7-submit has-spinner\" type=\"submit\" value=\"G\u00f6nder\" \/>\n<\/p><div class=\"wpcf7-response-output\" aria-hidden=\"true\"><\/div>\n<\/form>\n<\/div>\n\n\t\t<\/div>\n\t\t\t\t\n<style>\n#col-879257320 > .col-inner {\n  padding: 20px 20px 0 20px;\n}\n<\/style>\n\t<\/div>\n\n\t\n<\/div>\n\t\t<\/div>\n\n\t\t\n<style>\n#section_1151703727 {\n  padding-top: 30px;\n  padding-bottom: 30px;\n}\n#section_1151703727 .ux-shape-divider--top svg {\n  height: 150px;\n  --divider-top-width: 100%;\n}\n#section_1151703727 .ux-shape-divider--bottom svg {\n  height: 150px;\n  --divider-width: 100%;\n}\n<\/style>\n\t<\/section>\n\t\n","protected":false},"excerpt":{"rendered":"","protected":false},"author":1,"featured_media":0,"parent":0,"menu_order":0,"comment_status":"closed","ping_status":"closed","template":"page-blank.php","meta":{"inline_featured_image":false,"footnotes":""},"class_list":["post-52","page","type-page","status-publish","hentry"],"_links":{"self":[{"href":"https:\/\/sobesoft.com.tr\/demo\/e12\/wp-json\/wp\/v2\/pages\/52","targetHints":{"allow":["GET"]}}],"collection":[{"href":"https:\/\/sobesoft.com.tr\/demo\/e12\/wp-json\/wp\/v2\/pages"}],"about":[{"href":"https:\/\/sobesoft.com.tr\/demo\/e12\/wp-json\/wp\/v2\/types\/page"}],"author":[{"embeddable":true,"href":"https:\/\/sobesoft.com.tr\/demo\/e12\/wp-json\/wp\/v2\/users\/1"}],"replies":[{"embeddable":true,"href":"https:\/\/sobesoft.com.tr\/demo\/e12\/wp-json\/wp\/v2\/comments?post=52"}],"version-history":[{"count":9,"href":"https:\/\/sobesoft.com.tr\/demo\/e12\/wp-json\/wp\/v2\/pages\/52\/revisions"}],"predecessor-version":[{"id":62,"href":"https:\/\/sobesoft.com.tr\/demo\/e12\/wp-json\/wp\/v2\/pages\/52\/revisions\/62"}],"wp:attachment":[{"href":"https:\/\/sobesoft.com.tr\/demo\/e12\/wp-json\/wp\/v2\/media?parent=52"}],"curies":[{"name":"wp","href":"https:\/\/api.w.org\/{rel}","templated":true}]}}