{"id":1919,"date":"2021-12-16T11:20:43","date_gmt":"2021-12-16T08:20:43","guid":{"rendered":"https:\/\/sobesoft.com.tr\/demo\/e1\/?post_type=product&#038;p=1919"},"modified":"2021-12-16T11:20:54","modified_gmt":"2021-12-16T08:20:54","slug":"demo-kadin-saat-4","status":"publish","type":"product","link":"https:\/\/sobesoft.com.tr\/demo\/e1\/urun\/demo-kadin-saat-4\/","title":{"rendered":"Demo Kad\u0131n Saat"},"content":{"rendered":"<p><strong>Lorem Ipsum<\/strong>, dizgi ve bask\u0131 end\u00fcstrisinde kullan\u0131lan m\u0131g\u0131r metinlerdir. Lorem Ipsum, ad\u0131 bilinmeyen bir matbaac\u0131n\u0131n bir hurufat numune kitab\u0131 olu\u015fturmak \u00fczere bir yaz\u0131 galerisini alarak kar\u0131\u015ft\u0131rd\u0131\u011f\u0131 1500&#8217;lerden beri end\u00fcstri standard\u0131 sahte metinler olarak kullan\u0131lm\u0131\u015ft\u0131r.<\/p>\n<p>&nbsp;<\/p>\n<p class=\"pd-block\"><strong>\u00dcr\u00fcn \u00d6zellikleri<\/strong><\/p>\n<div class=\"panel panel-default panel-faq\">\n<div id=\"aboutprodtab\" class=\"panel-collapse animated-collapse collapse in\" aria-expanded=\"true\">\n<div class=\"panel-body js-tabcollapse-panel-body\">\n<div class=\"row no-margin\">\n<div class=\"col-sm-12\">\n<div class=\"panel panel-default panel-faq\">\n<div id=\"aboutprodtab\" class=\"panel-collapse animated-collapse collapse in\" aria-expanded=\"true\">\n<div class=\"panel-body js-tabcollapse-panel-body\">\n<div class=\"row no-margin\">\n<div class=\"col-sm-12\">\n<div class=\"panel panel-default panel-faq\">\n<div id=\"aboutprodtab\" class=\"panel-collapse animated-collapse collapse in\" aria-expanded=\"true\">\n<div class=\"panel-body js-tabcollapse-panel-body\">\n<div class=\"row no-margin\">\n<div class=\"col-sm-12\">\n<ul>\n<li class=\"pd-block\"><span class=\"productdetail-title\">\u00dcr\u00fcn Ad\u0131 :\u00a0<\/span>Mk3190 Kad\u0131n Kol Saati<\/li>\n<li class=\"pd-block\">Kasa Rengi :\u00a0D\u00fcz Renk<\/li>\n<li>Su Ge\u00e7irmezlik :\u00a05 ATM<\/li>\n<li>Makine \u00d6zellik :\u00a0Analog<\/li>\n<li>Kasa \u00c7ap\u0131 :\u00a039 MM<\/li>\n<\/ul>\n<\/div>\n<\/div>\n<\/div>\n<\/div>\n<\/div>\n<div class=\"panel panel-default panel-faq\"><\/div>\n<\/div>\n<\/div>\n<\/div>\n<\/div>\n<\/div>\n<\/div>\n<\/div>\n<\/div>\n<\/div>\n<\/div>\n","protected":false},"excerpt":{"rendered":"<p><strong>\u00dcr\u00fcn K\u0131sa \u00d6zellikleri<\/strong><\/p>\n<div class=\"panel panel-default panel-faq\">\n<div id=\"aboutprodtab\" class=\"panel-collapse animated-collapse collapse in\" aria-expanded=\"true\">\n<div class=\"panel-body js-tabcollapse-panel-body\">\n<div class=\"row no-margin\">\n<div class=\"col-sm-12\">\n<div class=\"panel panel-default panel-faq\">\n<div id=\"aboutprodtab\" class=\"panel-collapse animated-collapse collapse in\" aria-expanded=\"true\">\n<div class=\"panel-body js-tabcollapse-panel-body\">\n<div class=\"row no-margin\">\n<div class=\"col-sm-12\">\n<div class=\"panel panel-default panel-faq\">\n<div id=\"aboutprodtab\" class=\"panel-collapse animated-collapse collapse in\" aria-expanded=\"true\">\n<div class=\"panel-body js-tabcollapse-panel-body\">\n<div class=\"row no-margin\">\n<div class=\"col-sm-12\">\n<ul>\n<li>Kasa Rengi :\u00a0D\u00fcz Renk<\/li>\n<li>Su Ge\u00e7irmezlik :\u00a05 ATM<\/li>\n<li>Makine \u00d6zellik :\u00a0Analog<\/li>\n<\/ul>\n<\/div>\n<\/div>\n<\/div>\n<\/div>\n<\/div>\n<\/div>\n<\/div>\n<\/div>\n<\/div>\n<\/div>\n<\/div>\n<\/div>\n<\/div>\n<\/div>\n<\/div>\n","protected":false},"featured_media":1950,"comment_status":"open","ping_status":"closed","template":"","meta":{"inline_featured_image":false},"product_brand":[],"product_cat":[121,20,128],"product_tag":[123,86,129],"class_list":{"0":"post-1919","1":"product","2":"type-product","3":"status-publish","4":"has-post-thumbnail","6":"product_cat-aksesuar-canta","7":"product_cat-kadin","8":"product_cat-saat","9":"product_tag-aksesuar","10":"product_tag-kadin","11":"product_tag-saat","13":"first","14":"instock","15":"taxable","16":"shipping-taxable","17":"purchasable","18":"product-type-simple"},"_links":{"self":[{"href":"https:\/\/sobesoft.com.tr\/demo\/e1\/wp-json\/wp\/v2\/product\/1919","targetHints":{"allow":["GET"]}}],"collection":[{"href":"https:\/\/sobesoft.com.tr\/demo\/e1\/wp-json\/wp\/v2\/product"}],"about":[{"href":"https:\/\/sobesoft.com.tr\/demo\/e1\/wp-json\/wp\/v2\/types\/product"}],"replies":[{"embeddable":true,"href":"https:\/\/sobesoft.com.tr\/demo\/e1\/wp-json\/wp\/v2\/comments?post=1919"}],"wp:featuredmedia":[{"embeddable":true,"href":"https:\/\/sobesoft.com.tr\/demo\/e1\/wp-json\/wp\/v2\/media\/1950"}],"wp:attachment":[{"href":"https:\/\/sobesoft.com.tr\/demo\/e1\/wp-json\/wp\/v2\/media?parent=1919"}],"wp:term":[{"taxonomy":"product_brand","embeddable":true,"href":"https:\/\/sobesoft.com.tr\/demo\/e1\/wp-json\/wp\/v2\/product_brand?post=1919"},{"taxonomy":"product_cat","embeddable":true,"href":"https:\/\/sobesoft.com.tr\/demo\/e1\/wp-json\/wp\/v2\/product_cat?post=1919"},{"taxonomy":"product_tag","embeddable":true,"href":"https:\/\/sobesoft.com.tr\/demo\/e1\/wp-json\/wp\/v2\/product_tag?post=1919"}],"curies":[{"name":"wp","href":"https:\/\/api.w.org\/{rel}","templated":true}]}}