{"id":1895,"date":"2021-12-16T11:20:41","date_gmt":"2021-12-16T08:20:41","guid":{"rendered":"https:\/\/sobesoft.com.tr\/demo\/e1\/?post_type=product&#038;p=1895"},"modified":"2021-12-16T11:20:45","modified_gmt":"2021-12-16T08:20:45","slug":"demo-kadin-sirt-canta-siyah","status":"publish","type":"product","link":"https:\/\/sobesoft.com.tr\/demo\/e1\/urun\/demo-kadin-sirt-canta-siyah\/","title":{"rendered":"Demo Kad\u0131n S\u0131rt \u00c7anta Siyah"},"content":{"rendered":"<p><strong>Lorem Ipsum<\/strong>, dizgi ve bask\u0131 end\u00fcstrisinde kullan\u0131lan m\u0131g\u0131r metinlerdir. Lorem Ipsum, ad\u0131 bilinmeyen bir matbaac\u0131n\u0131n bir hurufat numune kitab\u0131 olu\u015fturmak \u00fczere bir yaz\u0131 galerisini alarak kar\u0131\u015ft\u0131rd\u0131\u011f\u0131 1500&#8217;lerden beri end\u00fcstri standard\u0131 sahte metinler olarak kullan\u0131lm\u0131\u015ft\u0131r.<\/p>\n<p>&nbsp;<\/p>\n<p class=\"pd-block\"><strong>\u00dcr\u00fcn \u00d6zellikleri<\/strong><\/p>\n<div class=\"panel panel-default panel-faq\">\n<div id=\"aboutprodtab\" class=\"panel-collapse animated-collapse collapse in\" aria-expanded=\"true\">\n<div class=\"panel-body js-tabcollapse-panel-body\">\n<div class=\"row no-margin\">\n<div class=\"col-sm-12\">\n<div class=\"panel panel-default panel-faq\">\n<div id=\"aboutprodtab\" class=\"panel-collapse animated-collapse collapse in\" aria-expanded=\"true\">\n<div class=\"panel-body js-tabcollapse-panel-body\">\n<div class=\"row no-margin\">\n<div class=\"col-sm-12\">\n<div class=\"panel panel-default panel-faq\">\n<div id=\"aboutprodtab\" class=\"panel-collapse animated-collapse collapse in\" aria-expanded=\"true\">\n<div class=\"panel-body js-tabcollapse-panel-body\">\n<div class=\"row no-margin\">\n<div class=\"col-sm-12\">\n<ul>\n<li class=\"pd-block\"><span class=\"productdetail-title\">\u00dcr\u00fcn Ad\u0131 : \u00c7<\/span>antas<\/li>\n<li class=\"pd-block\"><span class=\"productdetail-title\">Manken Bilgileri :\u00a0<\/span>Kilo : 55 kg \/ Boy : 176 cm G\u00f6\u011f\u00fcs : 88 cm \/ Bel : 60 cm \/ Kal\u00e7a 89: cm Di\u011fer :<\/li>\n<li class=\"pd-block\">Giyim Tarz\u0131 :\u00a0G\u00fcnl\u00fck \/ Casual<\/li>\n<li class=\"pd-block\">D\u0131\u015f Materyal :\u00a0100% Suni Deri<\/li>\n<li class=\"pd-block\">Desen :\u00a0D\u00fcz Renk \/ Desensiz<\/li>\n<li class=\"pd-block\">Kapama \u00d6zelli\u011fi :\u00a0\u00c7\u0131t\u00e7\u0131tl\u0131<\/li>\n<li class=\"pd-block\">En :\u00a044 cm.<\/li>\n<li class=\"pd-block\">Boy :\u00a032 cm.<\/li>\n<li class=\"pd-block\">Geni\u015flik :\u00a017 cm.<\/li>\n<\/ul>\n<\/div>\n<\/div>\n<\/div>\n<\/div>\n<\/div>\n<div class=\"panel panel-default panel-faq\"><\/div>\n<\/div>\n<\/div>\n<\/div>\n<\/div>\n<\/div>\n<\/div>\n<\/div>\n<\/div>\n<\/div>\n<\/div>\n","protected":false},"excerpt":{"rendered":"<p><strong>\u00dcr\u00fcn K\u0131sa \u00d6zellikleri<\/strong><\/p>\n<div class=\"panel panel-default panel-faq\">\n<div id=\"aboutprodtab\" class=\"panel-collapse animated-collapse collapse in\" aria-expanded=\"true\">\n<div class=\"panel-body js-tabcollapse-panel-body\">\n<div class=\"row no-margin\">\n<div class=\"col-sm-12\">\n<div class=\"panel panel-default panel-faq\">\n<div id=\"aboutprodtab\" class=\"panel-collapse animated-collapse collapse in\" aria-expanded=\"true\">\n<div class=\"panel-body js-tabcollapse-panel-body\">\n<div class=\"row no-margin\">\n<div class=\"col-sm-12\">\n<div class=\"panel panel-default panel-faq\">\n<div id=\"aboutprodtab\" class=\"panel-collapse animated-collapse collapse in\" aria-expanded=\"true\">\n<div class=\"panel-body js-tabcollapse-panel-body\">\n<div class=\"row no-margin\">\n<div class=\"col-sm-12\">\n<ul>\n<li class=\"pd-block\">Giyim Tarz\u0131 :\u00a0G\u00fcnl\u00fck \/ Casual<\/li>\n<li class=\"pd-block\">D\u0131\u015f Materyal :\u00a0100% Suni Deri<\/li>\n<li class=\"pd-block\">Desen :\u00a0D\u00fcz Renk \/ Desensiz<\/li>\n<\/ul>\n<\/div>\n<\/div>\n<\/div>\n<\/div>\n<\/div>\n<\/div>\n<\/div>\n<\/div>\n<\/div>\n<\/div>\n<\/div>\n<\/div>\n<\/div>\n<\/div>\n<\/div>\n","protected":false},"featured_media":1926,"comment_status":"open","ping_status":"closed","template":"","meta":{"inline_featured_image":false},"product_brand":[],"product_cat":[121,122,20],"product_tag":[123,124,86],"class_list":{"0":"post-1895","1":"product","2":"type-product","3":"status-publish","4":"has-post-thumbnail","6":"product_cat-aksesuar-canta","7":"product_cat-canta","8":"product_cat-kadin","9":"product_tag-aksesuar","10":"product_tag-canta","11":"product_tag-kadin","13":"first","14":"instock","15":"taxable","16":"shipping-taxable","17":"purchasable","18":"product-type-simple"},"_links":{"self":[{"href":"https:\/\/sobesoft.com.tr\/demo\/e1\/wp-json\/wp\/v2\/product\/1895","targetHints":{"allow":["GET"]}}],"collection":[{"href":"https:\/\/sobesoft.com.tr\/demo\/e1\/wp-json\/wp\/v2\/product"}],"about":[{"href":"https:\/\/sobesoft.com.tr\/demo\/e1\/wp-json\/wp\/v2\/types\/product"}],"replies":[{"embeddable":true,"href":"https:\/\/sobesoft.com.tr\/demo\/e1\/wp-json\/wp\/v2\/comments?post=1895"}],"wp:featuredmedia":[{"embeddable":true,"href":"https:\/\/sobesoft.com.tr\/demo\/e1\/wp-json\/wp\/v2\/media\/1926"}],"wp:attachment":[{"href":"https:\/\/sobesoft.com.tr\/demo\/e1\/wp-json\/wp\/v2\/media?parent=1895"}],"wp:term":[{"taxonomy":"product_brand","embeddable":true,"href":"https:\/\/sobesoft.com.tr\/demo\/e1\/wp-json\/wp\/v2\/product_brand?post=1895"},{"taxonomy":"product_cat","embeddable":true,"href":"https:\/\/sobesoft.com.tr\/demo\/e1\/wp-json\/wp\/v2\/product_cat?post=1895"},{"taxonomy":"product_tag","embeddable":true,"href":"https:\/\/sobesoft.com.tr\/demo\/e1\/wp-json\/wp\/v2\/product_tag?post=1895"}],"curies":[{"name":"wp","href":"https:\/\/api.w.org\/{rel}","templated":true}]}}