{"id":1539,"date":"2021-12-16T11:19:02","date_gmt":"2021-12-16T08:19:02","guid":{"rendered":"https:\/\/sobesoft.com.tr\/demo\/e1\/?post_type=product&#038;p=1539"},"modified":"2021-12-16T13:33:24","modified_gmt":"2021-12-16T10:33:24","slug":"demo-cizgili-kazak","status":"publish","type":"product","link":"https:\/\/sobesoft.com.tr\/demo\/e1\/urun\/demo-cizgili-kazak\/","title":{"rendered":"Demo \u00c7izgili Kazak"},"content":{"rendered":"<p><strong>Lorem Ipsum<\/strong>, dizgi ve bask\u0131 end\u00fcstrisinde kullan\u0131lan m\u0131g\u0131r metinlerdir. Lorem Ipsum, ad\u0131 bilinmeyen bir matbaac\u0131n\u0131n bir hurufat numune kitab\u0131 olu\u015fturmak \u00fczere bir yaz\u0131 galerisini alarak kar\u0131\u015ft\u0131rd\u0131\u011f\u0131 1500&#8217;lerden beri end\u00fcstri standard\u0131 sahte metinler olarak kullan\u0131lm\u0131\u015ft\u0131r.<\/p>\n","protected":false},"excerpt":{"rendered":"<p><strong>\u00dcr\u00fcn K\u0131sa \u00d6zellikleri<\/strong><\/p>\n<div class=\"panel panel-default panel-faq\">\n<div id=\"aboutprodtab\" class=\"panel-collapse animated-collapse collapse in\" aria-expanded=\"true\">\n<div class=\"panel-body js-tabcollapse-panel-body\">\n<div class=\"row no-margin\">\n<div class=\"col-sm-12\">\n<div class=\"panel panel-default panel-faq\">\n<div id=\"aboutprodtab\" class=\"panel-collapse animated-collapse collapse in\" aria-expanded=\"true\">\n<div class=\"panel-body js-tabcollapse-panel-body\">\n<div class=\"row no-margin\">\n<div class=\"col-sm-12\">\n<div class=\"panel panel-default panel-faq\">\n<div id=\"aboutprodtab\" class=\"panel-collapse animated-collapse collapse in\" aria-expanded=\"true\">\n<div class=\"panel-body js-tabcollapse-panel-body\">\n<div class=\"row no-margin\">\n<div class=\"col-sm-12\">\n<ul>\n<li>Giyim Tarz\u0131 : G\u00fcnl\u00fck \/ Casual<\/li>\n<li>Materyal : 50% Akrilik, 50% Pamuk<\/li>\n<li>Desen : \u00c7izgili<\/li>\n<\/ul>\n<\/div>\n<\/div>\n<\/div>\n<\/div>\n<\/div>\n<\/div>\n<\/div>\n<\/div>\n<\/div>\n<\/div>\n<\/div>\n<\/div>\n<\/div>\n<\/div>\n<\/div>\n","protected":false},"featured_media":1629,"comment_status":"open","ping_status":"closed","template":"","meta":{"inline_featured_image":false},"product_brand":[],"product_cat":[76,108],"product_tag":[79,109,110],"class_list":{"0":"post-1539","1":"product","2":"type-product","3":"status-publish","4":"has-post-thumbnail","6":"product_cat-giyim","7":"product_cat-kazak-hirka","8":"product_tag-giyim","9":"product_tag-hirka","10":"product_tag-kazak","11":"pa_beden-small","12":"pa_beden-medium","13":"pa_beden-large","14":"pa_beden-x-large","15":"pa_renk-beyaz","16":"pa_renk-mavi","17":"pa_renk-siyah","18":"pa_renk-turuncu","20":"first","21":"instock","22":"sale","23":"taxable","24":"shipping-taxable","25":"purchasable","26":"product-type-variable"},"_links":{"self":[{"href":"https:\/\/sobesoft.com.tr\/demo\/e1\/wp-json\/wp\/v2\/product\/1539","targetHints":{"allow":["GET"]}}],"collection":[{"href":"https:\/\/sobesoft.com.tr\/demo\/e1\/wp-json\/wp\/v2\/product"}],"about":[{"href":"https:\/\/sobesoft.com.tr\/demo\/e1\/wp-json\/wp\/v2\/types\/product"}],"replies":[{"embeddable":true,"href":"https:\/\/sobesoft.com.tr\/demo\/e1\/wp-json\/wp\/v2\/comments?post=1539"}],"wp:featuredmedia":[{"embeddable":true,"href":"https:\/\/sobesoft.com.tr\/demo\/e1\/wp-json\/wp\/v2\/media\/1629"}],"wp:attachment":[{"href":"https:\/\/sobesoft.com.tr\/demo\/e1\/wp-json\/wp\/v2\/media?parent=1539"}],"wp:term":[{"taxonomy":"product_brand","embeddable":true,"href":"https:\/\/sobesoft.com.tr\/demo\/e1\/wp-json\/wp\/v2\/product_brand?post=1539"},{"taxonomy":"product_cat","embeddable":true,"href":"https:\/\/sobesoft.com.tr\/demo\/e1\/wp-json\/wp\/v2\/product_cat?post=1539"},{"taxonomy":"product_tag","embeddable":true,"href":"https:\/\/sobesoft.com.tr\/demo\/e1\/wp-json\/wp\/v2\/product_tag?post=1539"}],"curies":[{"name":"wp","href":"https:\/\/api.w.org\/{rel}","templated":true}]}}