{"id":1173,"date":"2021-12-16T11:17:15","date_gmt":"2021-12-16T08:17:15","guid":{"rendered":"https:\/\/sobesoft.com.tr\/demo\/e1\/?post_type=product&#038;p=1173"},"modified":"2021-12-16T13:25:46","modified_gmt":"2021-12-16T10:25:46","slug":"demo-siyah-kanvas-mont","status":"publish","type":"product","link":"https:\/\/sobesoft.com.tr\/demo\/e1\/urun\/demo-siyah-kanvas-mont\/","title":{"rendered":"Demo Siyah Kanvas Mont"},"content":{"rendered":"<p><strong>Lorem Ipsum<\/strong>, dizgi ve bask\u0131 end\u00fcstrisinde kullan\u0131lan m\u0131g\u0131r metinlerdir. Lorem Ipsum, ad\u0131 bilinmeyen bir matbaac\u0131n\u0131n bir hurufat numune kitab\u0131 olu\u015fturmak \u00fczere bir yaz\u0131 galerisini alarak kar\u0131\u015ft\u0131rd\u0131\u011f\u0131 1500&#8217;lerden beri end\u00fcstri standard\u0131 sahte metinler olarak kullan\u0131lm\u0131\u015ft\u0131r.<\/p>\n<p>&nbsp;<\/p>\n","protected":false},"excerpt":{"rendered":"<p><strong>\u00dcr\u00fcn\u00fcn K\u0131sa \u00d6zellikleri<\/strong><\/p>\n<ul>\n<li class=\"pd-block\">Giyim Tarz\u0131 :G\u00fcnl\u00fck \/ Casual<\/li>\n<li class=\"pd-block\">Materyal : Kanvas<\/li>\n<li class=\"pd-block\">Desen :\u00a0Kapitone<\/li>\n<\/ul>\n","protected":false},"featured_media":1215,"comment_status":"open","ping_status":"closed","template":"","meta":{"inline_featured_image":false},"product_brand":[],"product_cat":[76,77],"product_tag":[78,80,81],"class_list":{"0":"post-1173","1":"product","2":"type-product","3":"status-publish","4":"has-post-thumbnail","6":"product_cat-giyim","7":"product_cat-kaban-mont","8":"product_tag-erkek","9":"product_tag-kaban","10":"product_tag-mont","11":"pa_beden-small","12":"pa_beden-medium","13":"pa_beden-large","14":"pa_beden-x-large","15":"pa_renk-beyaz","16":"pa_renk-mavi","17":"pa_renk-siyah","19":"first","20":"instock","21":"sale","22":"taxable","23":"shipping-taxable","24":"purchasable","25":"product-type-variable"},"_links":{"self":[{"href":"https:\/\/sobesoft.com.tr\/demo\/e1\/wp-json\/wp\/v2\/product\/1173","targetHints":{"allow":["GET"]}}],"collection":[{"href":"https:\/\/sobesoft.com.tr\/demo\/e1\/wp-json\/wp\/v2\/product"}],"about":[{"href":"https:\/\/sobesoft.com.tr\/demo\/e1\/wp-json\/wp\/v2\/types\/product"}],"replies":[{"embeddable":true,"href":"https:\/\/sobesoft.com.tr\/demo\/e1\/wp-json\/wp\/v2\/comments?post=1173"}],"wp:featuredmedia":[{"embeddable":true,"href":"https:\/\/sobesoft.com.tr\/demo\/e1\/wp-json\/wp\/v2\/media\/1215"}],"wp:attachment":[{"href":"https:\/\/sobesoft.com.tr\/demo\/e1\/wp-json\/wp\/v2\/media?parent=1173"}],"wp:term":[{"taxonomy":"product_brand","embeddable":true,"href":"https:\/\/sobesoft.com.tr\/demo\/e1\/wp-json\/wp\/v2\/product_brand?post=1173"},{"taxonomy":"product_cat","embeddable":true,"href":"https:\/\/sobesoft.com.tr\/demo\/e1\/wp-json\/wp\/v2\/product_cat?post=1173"},{"taxonomy":"product_tag","embeddable":true,"href":"https:\/\/sobesoft.com.tr\/demo\/e1\/wp-json\/wp\/v2\/product_tag?post=1173"}],"curies":[{"name":"wp","href":"https:\/\/api.w.org\/{rel}","templated":true}]}}